{"id":477,"date":"2014-09-26T10:10:58","date_gmt":"2014-09-26T10:10:58","guid":{"rendered":"http:\/\/pixelgrade.com\/demos\/rosa2\/?page_id=477"},"modified":"2024-11-23T20:32:45","modified_gmt":"2024-11-23T20:32:45","slug":"domov","status":"publish","type":"page","link":"https:\/\/www.jarovskydvor.com\/","title":{"rendered":"Domov"},"content":{"rendered":"\t<div class=\"pixcode  pixcode--grid  grid\" >\n\t\t\t<div class=\"simple grid__item six-twelfths palm-one-whole\" >\n\t\t\n<hgroup class=\"pixcode  pixcode--heading article__headline\">\n\t<h2 class=\"headline__secondary\"><span class=\"first-letter\">O<\/span> re\u0161taur\u00e1ci\u00ed<\/h2>\n\t<h1 class=\"headline__primary\"><\/h1>\n<\/hgroup>\n<div class=\"pixcode  pixcode--separator  separator separator--flower separator_color--dark\">&#10043;<\/div>\n\n<p class=\"western\" style=\"text-align: center;\" lang=\"sk-SK\">Re\u0161taur\u00e1cia Jarovsk\u00fd dvor sa nach\u00e1dza v tichej pohrani\u010dnej obci Jarovce. Na\u0161i z\u00e1kazn\u00edci sa k n\u00e1m radi vracaj\u00fa pre v\u00fdborn\u00fa dom\u00e1cu i svetov\u00fa kuchy\u0148u, na ktor\u00fa sme naozaj hrd\u00ed. Okrem \u0161irokej ponuky jed\u00e1l, v\u00e1s \u010dak\u00e1 aj mno\u017estvo osvie\u017euj\u00facich n\u00e1pojov a najlep\u0161ia pizza pripravovan\u00e1 na dreve, \u0161iroko-\u010faleko. Okrem toho si u n\u00e1s m\u00f4\u017eete odd\u00fdchnu\u0165 na terase, ktor\u00e1 je s\u00fa\u010das\u0165ou dvora s detsk\u00fdm ihriskom a voli\u00e9rou s exotick\u00fdm vt\u00e1ctvom. Prij\u00edmame aj rezerv\u00e1cie na va\u0161e oslavy, ako s\u00fa svadby, prom\u00f3cie, birmovky, narodeniny \u010di in\u00e9. Nev\u00e1hajte si u n\u00e1s rezervova\u0165 st\u00f4l a za\u017ei\u0165 pr\u00edjemn\u00e9 chv\u00edle s Jarovsk\u00fdm dvorom.<\/p>\n\t<\/div>\n\t<div class=\"island grid__item six-twelfths palm-one-whole\" >\n\t\t\n\n\t\t<style type='text\/css'>\n\t\t\t#gallery-0 {\n\t\t\t\tmargin: auto;\n\t\t\t}\n\t\t\t#gallery-0 .gallery-item {\n\t\t\t\tfloat: left;\n\t\t\t\ttext-align: center;\n\t\t\t\twidth: 50%;\n\t\t\t}\n\t\t\t\/* see gallery_shortcode() in wp-includes\/media.php *\/\n\t\t<\/style>\n\t\t<div id='gallery-0' class='gallery galleryid-477 gallery-columns-2 gallery-size-medium'><figure class='gallery-item'>\n\t\t\t<div class='gallery-icon landscape'>\n\t\t\t\t<a data-title=\"gallery-7\" data-alt=\"\" href='https:\/\/www.jarovskydvor.com\/wp-content\/uploads\/2017\/09\/gallery-7.jpg'><img width=\"300\" height=\"200\" src=\"https:\/\/www.jarovskydvor.com\/wp-content\/uploads\/2017\/09\/gallery-7.jpg\" class=\"attachment-medium size-medium\" alt=\"\" loading=\"lazy\" \/><\/a>\n\t\t\t<\/div><\/figure><figure class='gallery-item'>\n\t\t\t<div class='gallery-icon landscape'>\n\t\t\t\t<a data-title=\"gallery-4\" data-alt=\"\" href='https:\/\/www.jarovskydvor.com\/wp-content\/uploads\/2017\/09\/gallery-4.jpg'><img width=\"300\" height=\"200\" src=\"https:\/\/www.jarovskydvor.com\/wp-content\/uploads\/2017\/09\/gallery-4.jpg\" class=\"attachment-medium size-medium\" alt=\"\" loading=\"lazy\" \/><\/a>\n\t\t\t<\/div><\/figure><figure class='gallery-item'>\n\t\t\t<div class='gallery-icon landscape'>\n\t\t\t\t<a data-title=\"8194bbcf6e2946020b8c9131c1125f39\" data-alt=\"\" href='https:\/\/www.jarovskydvor.com\/wp-content\/uploads\/2017\/06\/8194bbcf6e2946020b8c9131c1125f39.jpeg'><img width=\"300\" height=\"200\" src=\"https:\/\/www.jarovskydvor.com\/wp-content\/uploads\/2017\/06\/8194bbcf6e2946020b8c9131c1125f39.jpeg\" class=\"attachment-medium size-medium\" alt=\"\" loading=\"lazy\" \/><\/a>\n\t\t\t<\/div><\/figure><figure class='gallery-item'>\n\t\t\t<div class='gallery-icon landscape'>\n\t\t\t\t<a data-title=\"restaurant-jarovsky-dvor\" data-alt=\"\" href='https:\/\/www.jarovskydvor.com\/wp-content\/uploads\/2014\/09\/restaurant-jarovsky-dvor.jpeg'><img width=\"300\" height=\"137\" src=\"https:\/\/www.jarovskydvor.com\/wp-content\/uploads\/2014\/09\/restaurant-jarovsky-dvor.jpeg\" class=\"attachment-medium size-medium\" alt=\"\" loading=\"lazy\" \/><\/a>\n\t\t\t<\/div><\/figure>\n\t\t<\/div>\n\n\t<\/div>\n\t<\/div>\n\n<p><\/p>\n<p class=\"western\" style=\"text-align: center;\" lang=\"sk-SK\"><\/p>\n\n\n<p><\/p>\n","protected":false},"excerpt":{"rendered":"","protected":false},"author":1,"featured_media":525,"parent":0,"menu_order":0,"comment_status":"closed","ping_status":"closed","template":"","meta":[],"_links":{"self":[{"href":"https:\/\/www.jarovskydvor.com\/index.php?rest_route=\/wp\/v2\/pages\/477"}],"collection":[{"href":"https:\/\/www.jarovskydvor.com\/index.php?rest_route=\/wp\/v2\/pages"}],"about":[{"href":"https:\/\/www.jarovskydvor.com\/index.php?rest_route=\/wp\/v2\/types\/page"}],"author":[{"embeddable":true,"href":"https:\/\/www.jarovskydvor.com\/index.php?rest_route=\/wp\/v2\/users\/1"}],"replies":[{"embeddable":true,"href":"https:\/\/www.jarovskydvor.com\/index.php?rest_route=%2Fwp%2Fv2%2Fcomments&post=477"}],"version-history":[{"count":31,"href":"https:\/\/www.jarovskydvor.com\/index.php?rest_route=\/wp\/v2\/pages\/477\/revisions"}],"predecessor-version":[{"id":2049,"href":"https:\/\/www.jarovskydvor.com\/index.php?rest_route=\/wp\/v2\/pages\/477\/revisions\/2049"}],"wp:featuredmedia":[{"embeddable":true,"href":"https:\/\/www.jarovskydvor.com\/index.php?rest_route=\/wp\/v2\/media\/525"}],"wp:attachment":[{"href":"https:\/\/www.jarovskydvor.com\/index.php?rest_route=%2Fwp%2Fv2%2Fmedia&parent=477"}],"curies":[{"name":"wp","href":"https:\/\/api.w.org\/{rel}","templated":true}]}}